{"id":65,"date":"2026-02-06T15:04:50","date_gmt":"2026-02-06T18:04:50","guid":{"rendered":"https:\/\/phillipe.com.br\/?page_id=65"},"modified":"2026-02-06T15:04:50","modified_gmt":"2026-02-06T18:04:50","slug":"o-que-faz-uma-mensagem-funcionar-de-verdade","status":"publish","type":"page","link":"https:\/\/phillipe.com.br\/?page_id=65","title":{"rendered":"O que faz uma mensagem funcionar de verdade?"},"content":{"rendered":"\n<p>\u00c0s vezes \u00e9 o texto certo. \u00c0s vezes \u00e9 o tom.<\/p>\n\n\n\n<p>Em muitos casos, \u00e9 quem est\u00e1 falando (e para quem).<\/p>\n\n\n\n<p>Sou Phillipe Xavier, jornalista que trabalha com comunica\u00e7\u00e3o corporativa, cultura organizacional e narrativas institucionais. <\/p>\n\n\n\n<p>Escrevo, edito, apresento eventos, conduzo entrevistas, podcasts e videocasts, al\u00e9m de atuar em treinamentos de comunica\u00e7\u00e3o, posicionamento e relacionamento com a m\u00eddia. <\/p>\n\n\n\n<p>Comunica\u00e7\u00e3o, para mim, acontece tanto no planejamento quanto na hora do microfone ligado.<\/p>\n\n\n\n<p>Meu trabalho passa por comunica\u00e7\u00e3o interna, campanhas, conte\u00fados estrat\u00e9gicos, media training e constru\u00e7\u00e3o de discursos alinhados \u00e0 cultura das organiza\u00e7\u00f5es. <\/p>\n\n\n\n<p>Gosto de transitar entre formatos, p\u00fablicos e linguagens, sempre com o mesmo objetivo: transformar estrat\u00e9gia em mensagens claras, consistentes e humanas.<\/p>\n\n\n\n<p>Meu repert\u00f3rio foi constru\u00eddo entre reda\u00e7\u00f5es, palcos, salas de reuni\u00e3o e bastidores. Sim, e isso me permite olhar para a comunica\u00e7\u00e3o de forma ampla, do texto ao gesto, do briefing \u00e0 entrevista, da narrativa ao impacto real.<\/p>\n\n\n\n<p>Aqui, re\u00fano projetos, experi\u00eancias e reflex\u00f5es sobre comunica\u00e7\u00e3o, cultura e narrativa no ambiente corporativo. Se voc\u00ea acredita que comunicar bem vai al\u00e9m de falar bonito, ent\u00e3o estamos em sintonia!<\/p>\n\n\n\n<p><\/p>\n","protected":false},"excerpt":{"rendered":"<p>\u00c0s vezes \u00e9 o texto certo. \u00c0s vezes \u00e9 o tom. Em muitos casos, \u00e9 quem est\u00e1 falando (e para quem). Sou Phillipe Xavier, jornalista que trabalha com comunica\u00e7\u00e3o corporativa, cultura organizacional e narrativas institucionais. Escrevo, edito, apresento eventos, conduzo entrevistas, podcasts e videocasts, al\u00e9m de atuar em treinamentos de comunica\u00e7\u00e3o, posicionamento e relacionamento com [&hellip;]<\/p>\n","protected":false},"author":1,"featured_media":0,"parent":0,"menu_order":0,"comment_status":"closed","ping_status":"closed","template":"","meta":{"footnotes":""},"class_list":["post-65","page","type-page","status-publish","hentry"],"_links":{"self":[{"href":"https:\/\/phillipe.com.br\/index.php?rest_route=\/wp\/v2\/pages\/65","targetHints":{"allow":["GET"]}}],"collection":[{"href":"https:\/\/phillipe.com.br\/index.php?rest_route=\/wp\/v2\/pages"}],"about":[{"href":"https:\/\/phillipe.com.br\/index.php?rest_route=\/wp\/v2\/types\/page"}],"author":[{"embeddable":true,"href":"https:\/\/phillipe.com.br\/index.php?rest_route=\/wp\/v2\/users\/1"}],"replies":[{"embeddable":true,"href":"https:\/\/phillipe.com.br\/index.php?rest_route=%2Fwp%2Fv2%2Fcomments&post=65"}],"version-history":[{"count":1,"href":"https:\/\/phillipe.com.br\/index.php?rest_route=\/wp\/v2\/pages\/65\/revisions"}],"predecessor-version":[{"id":66,"href":"https:\/\/phillipe.com.br\/index.php?rest_route=\/wp\/v2\/pages\/65\/revisions\/66"}],"wp:attachment":[{"href":"https:\/\/phillipe.com.br\/index.php?rest_route=%2Fwp%2Fv2%2Fmedia&parent=65"}],"curies":[{"name":"wp","href":"https:\/\/api.w.org\/{rel}","templated":true}]}}